{"id":5353,"date":"2024-05-13T13:00:29","date_gmt":"2024-05-13T13:00:29","guid":{"rendered":"https:\/\/quepaz.cc\/?page_id=5353"},"modified":"2024-05-13T17:13:59","modified_gmt":"2024-05-13T17:13:59","slug":"ajude-rs","status":"publish","type":"page","link":"https:\/\/quepaz.cc\/index.php\/ajude-rs\/","title":{"rendered":"Ajude RS"},"content":{"rendered":"\t\t<div data-elementor-type=\"wp-page\" data-elementor-id=\"5353\" class=\"elementor elementor-5353\" data-elementor-settings=\"{&quot;ha_cmc_init_switcher&quot;:&quot;no&quot;}\" data-elementor-post-type=\"page\">\n\t\t\t\t<div class=\"elementor-element elementor-element-46bc632 e-flex e-con-boxed e-con e-parent\" data-id=\"46bc632\" data-element_type=\"container\" data-e-type=\"container\" data-settings=\"{&quot;_ha_eqh_enable&quot;:false}\">\n\t\t\t\t\t<div class=\"e-con-inner\">\n\t\t\t\t<div class=\"elementor-element elementor-element-48c8c2c elementor-widget elementor-widget-heading\" data-id=\"48c8c2c\" data-element_type=\"widget\" data-e-type=\"widget\" data-widget_type=\"heading.default\">\n\t\t\t\t<div class=\"elementor-widget-container\">\n\t\t\t\t\t<h2 class=\"elementor-heading-title elementor-size-default\"><i><b>A<\/b> <b>Platform <\/b><\/i>That Cares About You.<\/h2>\t\t\t\t<\/div>\n\t\t\t\t<\/div>\n\t\t\t\t<div class=\"elementor-element elementor-element-f03fe75 elementor-widget elementor-widget-heading\" data-id=\"f03fe75\" data-element_type=\"widget\" data-e-type=\"widget\" data-widget_type=\"heading.default\">\n\t\t\t\t<div class=\"elementor-widget-container\">\n\t\t\t\t\t<h2 class=\"elementor-heading-title elementor-size-default\">quepaz<br>\u00e9 uma<br>marca<br>ga\u00facha &amp;<\/h2>\t\t\t\t<\/div>\n\t\t\t\t<\/div>\n\t\t\t\t<div class=\"elementor-element elementor-element-7155e76 elementor-widget__width-initial elementor-widget elementor-widget-heading\" data-id=\"7155e76\" data-element_type=\"widget\" data-e-type=\"widget\" data-widget_type=\"heading.default\">\n\t\t\t\t<div class=\"elementor-widget-container\">\n\t\t\t\t\t<h2 class=\"elementor-heading-title elementor-size-default\">EST\u00c1 UNINDO FOR\u00c7AS PARA PROPORCIONAR QUALIDADE DE VIDA (DE <b>SEGURAN\u00c7A E SOBREVIV\u00caNCIA<\/b>) \u00c0S V\u00cdTIMAS DAS ENCHENTES DO RIO GRANDE DO SUL.<\/h2>\t\t\t\t<\/div>\n\t\t\t\t<\/div>\n\t\t\t\t\t<\/div>\n\t\t\t\t<\/div>\n\t\t<div class=\"elementor-element elementor-element-b43df0b e-flex e-con-boxed e-con e-parent\" data-id=\"b43df0b\" data-element_type=\"container\" data-e-type=\"container\" data-settings=\"{&quot;background_background&quot;:&quot;classic&quot;,&quot;_ha_eqh_enable&quot;:false}\">\n\t\t\t\t\t<div class=\"e-con-inner\">\n\t\t\t\t<div class=\"elementor-element elementor-element-ef7ac6b elementor-widget__width-initial elementor-widget-mobile__width-inherit elementor-widget elementor-widget-heading\" data-id=\"ef7ac6b\" data-element_type=\"widget\" data-e-type=\"widget\" data-widget_type=\"heading.default\">\n\t\t\t\t<div class=\"elementor-widget-container\">\n\t\t\t\t\t<h2 class=\"elementor-heading-title elementor-size-default\">considerando<br> o alcance<br>digital de mais <br> 200 mil<br> pessoas<\/h2>\t\t\t\t<\/div>\n\t\t\t\t<\/div>\n\t\t\t\t<div class=\"elementor-element elementor-element-877af9f elementor-widget__width-initial elementor-widget-mobile__width-inherit elementor-widget elementor-widget-heading\" data-id=\"877af9f\" data-element_type=\"widget\" data-e-type=\"widget\" data-widget_type=\"heading.default\">\n\t\t\t\t<div class=\"elementor-widget-container\">\n\t\t\t\t\t<h2 class=\"elementor-heading-title elementor-size-default\">CONTAMOS COM: SUA <b>SENSIBILIDADE<\/b>, MAS A PRIORIDADE \u00c9 <b>FOR\u00c7A DE VONTADE PARA APOIAR.<\/b><\/h2>\t\t\t\t<\/div>\n\t\t\t\t<\/div>\n\t\t\t\t\t<\/div>\n\t\t\t\t<\/div>\n\t\t<div class=\"elementor-element elementor-element-e4f6cd1 e-flex e-con-boxed e-con e-parent\" data-id=\"e4f6cd1\" data-element_type=\"container\" data-e-type=\"container\" data-settings=\"{&quot;background_background&quot;:&quot;classic&quot;,&quot;_ha_eqh_enable&quot;:false}\">\n\t\t\t\t\t<div class=\"e-con-inner\">\n\t\t\t\t<div class=\"elementor-element elementor-element-91a27b3 elementor-widget__width-initial ha-has-bg-overlay elementor-widget elementor-widget-heading\" data-id=\"91a27b3\" data-element_type=\"widget\" data-e-type=\"widget\" data-widget_type=\"heading.default\">\n\t\t\t\t<div class=\"elementor-widget-container\">\n\t\t\t\t\t<h2 class=\"elementor-heading-title elementor-size-default\">A CAMPANHA \u00c9<\/h2>\t\t\t\t<\/div>\n\t\t\t\t<\/div>\n\t\t\t\t<div class=\"elementor-element elementor-element-cfc8aa5 elementor-widget__width-initial elementor-widget elementor-widget-heading\" data-id=\"cfc8aa5\" data-element_type=\"widget\" data-e-type=\"widget\" data-widget_type=\"heading.default\">\n\t\t\t\t<div class=\"elementor-widget-container\">\n\t\t\t\t\t<h2 class=\"elementor-heading-title elementor-size-default\">1 real por pessoa<\/h2>\t\t\t\t<\/div>\n\t\t\t\t<\/div>\n\t\t\t\t<div class=\"elementor-element elementor-element-93816bd elementor-widget__width-initial elementor-widget-mobile__width-inherit elementor-widget elementor-widget-heading\" data-id=\"93816bd\" data-element_type=\"widget\" data-e-type=\"widget\" data-widget_type=\"heading.default\">\n\t\t\t\t<div class=\"elementor-widget-container\">\n\t\t\t\t\t<h2 class=\"elementor-heading-title elementor-size-default\">{O MIN\u00cdMO POR PESSOA} NOSSO PRINCIPAL OBJETIVO \u00c9 DIRECIONAR DOA\u00c7\u00d5ES E O M\u00c1XIMO DE RECURSOS POSS\u00cdVEIS.<\/h2>\t\t\t\t<\/div>\n\t\t\t\t<\/div>\n\t\t\t\t\t<\/div>\n\t\t\t\t<\/div>\n\t\t<div class=\"elementor-element elementor-element-e611a93 e-flex e-con-boxed e-con e-parent\" data-id=\"e611a93\" data-element_type=\"container\" data-e-type=\"container\" data-settings=\"{&quot;background_background&quot;:&quot;classic&quot;,&quot;_ha_eqh_enable&quot;:false}\">\n\t\t\t\t\t<div class=\"e-con-inner\">\n\t\t\t\t<div class=\"elementor-element elementor-element-f39ef5e elementor-widget__width-initial elementor-widget-mobile__width-inherit elementor-widget elementor-widget-heading\" data-id=\"f39ef5e\" data-element_type=\"widget\" data-e-type=\"widget\" data-widget_type=\"heading.default\">\n\t\t\t\t<div class=\"elementor-widget-container\">\n\t\t\t\t\t<h2 class=\"elementor-heading-title elementor-size-default\">criado para apoiar<br>abrigos e fornecer <br>marmitas &amp; outros<br>itens essenciais<br>para animais<\/h2>\t\t\t\t<\/div>\n\t\t\t\t<\/div>\n\t\t<div class=\"elementor-element elementor-element-9c0cb47 e-flex e-con-boxed e-con e-parent\" data-id=\"9c0cb47\" data-element_type=\"container\" data-e-type=\"container\" data-settings=\"{&quot;_ha_eqh_enable&quot;:false}\">\n\t\t\t\t\t<div class=\"e-con-inner\">\n\t\t\t\t<div class=\"elementor-element elementor-element-c4acfcd elementor-widget__width-initial elementor-widget elementor-widget-heading\" data-id=\"c4acfcd\" data-element_type=\"widget\" data-e-type=\"widget\" data-widget_type=\"heading.default\">\n\t\t\t\t<div class=\"elementor-widget-container\">\n\t\t\t\t\t<h2 class=\"elementor-heading-title elementor-size-default\">PIX OFICIAL DO QUEPAZ:<\/h2>\t\t\t\t<\/div>\n\t\t\t\t<\/div>\n\t\t\t\t<div class=\"elementor-element elementor-element-62aa588 elementor-widget__width-initial elementor-widget elementor-widget-heading\" data-id=\"62aa588\" data-element_type=\"widget\" data-e-type=\"widget\" data-widget_type=\"heading.default\">\n\t\t\t\t<div class=\"elementor-widget-container\">\n\t\t\t\t\t<h2 class=\"elementor-heading-title elementor-size-default\">45.790.176\/0001-22<\/h2>\t\t\t\t<\/div>\n\t\t\t\t<\/div>\n\t\t\t\t\t<\/div>\n\t\t\t\t<\/div>\n\t\t\t\t\t<\/div>\n\t\t\t\t<\/div>\n\t\t<div class=\"elementor-element elementor-element-a331147 e-flex e-con-boxed e-con e-parent\" data-id=\"a331147\" data-element_type=\"container\" data-e-type=\"container\" data-settings=\"{&quot;_ha_eqh_enable&quot;:false}\">\n\t\t\t\t\t<div class=\"e-con-inner\">\n\t\t\t\t<div class=\"elementor-element elementor-element-ff1bb23 elementor-widget__width-initial elementor-widget-mobile__width-inherit elementor-widget elementor-widget-heading\" data-id=\"ff1bb23\" data-element_type=\"widget\" data-e-type=\"widget\" data-widget_type=\"heading.default\">\n\t\t\t\t<div class=\"elementor-widget-container\">\n\t\t\t\t\t<h2 class=\"elementor-heading-title elementor-size-default\">QR CODE OFICIAL:<\/h2>\t\t\t\t<\/div>\n\t\t\t\t<\/div>\n\t\t\t\t<div class=\"elementor-element elementor-element-e1ac5fc elementor-widget elementor-widget-menu-anchor\" data-id=\"e1ac5fc\" data-element_type=\"widget\" data-e-type=\"widget\" data-widget_type=\"menu-anchor.default\">\n\t\t\t\t<div class=\"elementor-widget-container\">\n\t\t\t\t\t\t\t<div class=\"elementor-menu-anchor\" id=\"PIX\"><\/div>\n\t\t\t\t\t\t<\/div>\n\t\t\t\t<\/div>\n\t\t\t\t<div class=\"elementor-element elementor-element-a6f8824 elementor-widget elementor-widget-image\" data-id=\"a6f8824\" data-element_type=\"widget\" data-e-type=\"widget\" data-widget_type=\"image.default\">\n\t\t\t\t<div class=\"elementor-widget-container\">\n\t\t\t\t\t\t\t\t\t\t\t\t\t\t\t<img fetchpriority=\"high\" decoding=\"async\" width=\"766\" height=\"280\" src=\"https:\/\/quepaz.cc\/wp-content\/uploads\/2024\/05\/qrcode-pix.png\" class=\"attachment-full size-full wp-image-5365\" alt=\"\" srcset=\"https:\/\/quepaz.cc\/wp-content\/uploads\/2024\/05\/qrcode-pix.png 766w, https:\/\/quepaz.cc\/wp-content\/uploads\/2024\/05\/qrcode-pix-300x110.png 300w\" sizes=\"(max-width: 766px) 100vw, 766px\" \/>\t\t\t\t\t\t\t\t\t\t\t\t\t\t\t<\/div>\n\t\t\t\t<\/div>\n\t\t\t\t<div class=\"elementor-element elementor-element-f60f441 elementor-widget__width-initial elementor-widget-mobile__width-inherit elementor-widget elementor-widget-heading\" data-id=\"f60f441\" data-element_type=\"widget\" data-e-type=\"widget\" data-widget_type=\"heading.default\">\n\t\t\t\t<div class=\"elementor-widget-container\">\n\t\t\t\t\t<h2 class=\"elementor-heading-title elementor-size-default\">PIX COPIA E COLA:<\/h2>\t\t\t\t<\/div>\n\t\t\t\t<\/div>\n\t\t\t\t<div class=\"elementor-element elementor-element-f3def68 elementor-widget__width-initial elementor-widget-mobile__width-initial elementor-widget elementor-widget-heading\" data-id=\"f3def68\" data-element_type=\"widget\" data-e-type=\"widget\" data-widget_type=\"heading.default\">\n\t\t\t\t<div class=\"elementor-widget-container\">\n\t\t\t\t\t<h2 class=\"elementor-heading-title elementor-size-default\">00020126360014BR.GOV.BCB.PIX011445790176000122520<Br>40000530398654041.005802BR5906QUEPAZ6012Porto Alegre62180514DOACAOQUEPAZRS6304439A<\/h2>\t\t\t\t<\/div>\n\t\t\t\t<\/div>\n\t\t\t\t\t<\/div>\n\t\t\t\t<\/div>\n\t\t\t\t<\/div>\n\t\t","protected":false},"excerpt":{"rendered":"<p>A Platform That Cares About You. quepaz\u00e9 umamarcaga\u00facha &#038; EST\u00c1 UNINDO FOR\u00c7AS PARA PROPORCIONAR QUALIDADE DE VIDA (DE SEGURAN\u00c7A E SOBREVIV\u00caNCIA) \u00c0S V\u00cdTIMAS DAS ENCHENTES DO RIO GRANDE DO SUL. considerando o alcancedigital de mais 200 mil pessoas CONTAMOS COM: SUA SENSIBILIDADE, MAS A PRIORIDADE \u00c9 FOR\u00c7A DE VONTADE PARA APOIAR. A CAMPANHA \u00c9 1 [&hellip;]<\/p>\n","protected":false},"author":1,"featured_media":5424,"parent":0,"menu_order":0,"comment_status":"closed","ping_status":"closed","template":"elementor_canvas","meta":{"footnotes":""},"class_list":["post-5353","page","type-page","status-publish","has-post-thumbnail","hentry"],"yoast_head":"<!-- This site is optimized with the Yoast SEO Premium plugin v20.5 (Yoast SEO v27.1.1) - https:\/\/yoast.com\/product\/yoast-seo-premium-wordpress\/ -->\n<title>AJUDE O RS - CAMPANHA 1 REAL POR PESSOA - QUEPAZ<\/title>\n<meta name=\"robots\" content=\"index, follow, max-snippet:-1, max-image-preview:large, max-video-preview:-1\" \/>\n<link rel=\"canonical\" href=\"https:\/\/quepaz.cc\/index.php\/ajude-rs\/\" \/>\n<meta property=\"og:locale\" content=\"pt_BR\" \/>\n<meta property=\"og:type\" content=\"article\" \/>\n<meta property=\"og:title\" content=\"Ajude RS\" \/>\n<meta property=\"og:description\" content=\"A Platform That Cares About You. quepaz\u00e9 umamarcaga\u00facha &#038; EST\u00c1 UNINDO FOR\u00c7AS PARA PROPORCIONAR QUALIDADE DE VIDA (DE SEGURAN\u00c7A E SOBREVIV\u00caNCIA) \u00c0S V\u00cdTIMAS DAS ENCHENTES DO RIO GRANDE DO SUL. considerando o alcancedigital de mais 200 mil pessoas CONTAMOS COM: SUA SENSIBILIDADE, MAS A PRIORIDADE \u00c9 FOR\u00c7A DE VONTADE PARA APOIAR. A CAMPANHA \u00c9 1 [&hellip;]\" \/>\n<meta property=\"og:url\" content=\"https:\/\/quepaz.cc\/index.php\/ajude-rs\/\" \/>\n<meta property=\"og:site_name\" content=\"Quepaz\" \/>\n<meta property=\"article:modified_time\" content=\"2024-05-13T17:13:59+00:00\" \/>\n<meta property=\"og:image\" content=\"http:\/\/quepaz.cc\/wp-content\/uploads\/2024\/05\/Snapinsta.app_442424147_1614243029517173_2064368974086448647_n_1080.jpg\" \/>\n\t<meta property=\"og:image:width\" content=\"1080\" \/>\n\t<meta property=\"og:image:height\" content=\"1350\" \/>\n\t<meta property=\"og:image:type\" content=\"image\/jpeg\" \/>\n<meta name=\"twitter:card\" content=\"summary_large_image\" \/>\n<meta name=\"twitter:label1\" content=\"Est. tempo de leitura\" \/>\n\t<meta name=\"twitter:data1\" content=\"1 minuto\" \/>\n<script type=\"application\/ld+json\" class=\"yoast-schema-graph\">{\"@context\":\"https:\/\/schema.org\",\"@graph\":[{\"@type\":\"WebPage\",\"@id\":\"https:\/\/quepaz.cc\/index.php\/ajude-rs\/\",\"url\":\"https:\/\/quepaz.cc\/index.php\/ajude-rs\/\",\"name\":\"AJUDE O RS - CAMPANHA 1 REAL POR PESSOA - QUEPAZ\",\"isPartOf\":{\"@id\":\"https:\/\/quepaz.cc\/#website\"},\"primaryImageOfPage\":{\"@id\":\"https:\/\/quepaz.cc\/index.php\/ajude-rs\/#primaryimage\"},\"image\":{\"@id\":\"https:\/\/quepaz.cc\/index.php\/ajude-rs\/#primaryimage\"},\"thumbnailUrl\":\"https:\/\/quepaz.cc\/wp-content\/uploads\/2024\/05\/Snapinsta.app_442424147_1614243029517173_2064368974086448647_n_1080.jpg\",\"datePublished\":\"2024-05-13T13:00:29+00:00\",\"dateModified\":\"2024-05-13T17:13:59+00:00\",\"breadcrumb\":{\"@id\":\"https:\/\/quepaz.cc\/index.php\/ajude-rs\/#breadcrumb\"},\"inLanguage\":\"pt-BR\",\"potentialAction\":[{\"@type\":\"ReadAction\",\"target\":[\"https:\/\/quepaz.cc\/index.php\/ajude-rs\/\"]}]},{\"@type\":\"ImageObject\",\"inLanguage\":\"pt-BR\",\"@id\":\"https:\/\/quepaz.cc\/index.php\/ajude-rs\/#primaryimage\",\"url\":\"https:\/\/quepaz.cc\/wp-content\/uploads\/2024\/05\/Snapinsta.app_442424147_1614243029517173_2064368974086448647_n_1080.jpg\",\"contentUrl\":\"https:\/\/quepaz.cc\/wp-content\/uploads\/2024\/05\/Snapinsta.app_442424147_1614243029517173_2064368974086448647_n_1080.jpg\",\"width\":1080,\"height\":1350},{\"@type\":\"BreadcrumbList\",\"@id\":\"https:\/\/quepaz.cc\/index.php\/ajude-rs\/#breadcrumb\",\"itemListElement\":[{\"@type\":\"ListItem\",\"position\":1,\"name\":\"In\u00edcio\",\"item\":\"https:\/\/quepaz.cc\/\"},{\"@type\":\"ListItem\",\"position\":2,\"name\":\"Ajude RS\"}]},{\"@type\":\"WebSite\",\"@id\":\"https:\/\/quepaz.cc\/#website\",\"url\":\"https:\/\/quepaz.cc\/\",\"name\":\"Quepaz\",\"description\":\"Terapia Online com Psic\u00f3logos Especialistas.\",\"publisher\":{\"@id\":\"https:\/\/quepaz.cc\/#organization\"},\"potentialAction\":[{\"@type\":\"SearchAction\",\"target\":{\"@type\":\"EntryPoint\",\"urlTemplate\":\"https:\/\/quepaz.cc\/?s={search_term_string}\"},\"query-input\":{\"@type\":\"PropertyValueSpecification\",\"valueRequired\":true,\"valueName\":\"search_term_string\"}}],\"inLanguage\":\"pt-BR\"},{\"@type\":\"Organization\",\"@id\":\"https:\/\/quepaz.cc\/#organization\",\"name\":\"Quepaz\",\"url\":\"https:\/\/quepaz.cc\/\",\"logo\":{\"@type\":\"ImageObject\",\"inLanguage\":\"pt-BR\",\"@id\":\"https:\/\/quepaz.cc\/#\/schema\/logo\/image\/\",\"url\":\"http:\/\/quepaz.cc\/wp-content\/uploads\/2025\/12\/Clip-path-group-scaled.png\",\"contentUrl\":\"http:\/\/quepaz.cc\/wp-content\/uploads\/2025\/12\/Clip-path-group-scaled.png\",\"width\":2560,\"height\":2367,\"caption\":\"Quepaz\"},\"image\":{\"@id\":\"https:\/\/quepaz.cc\/#\/schema\/logo\/image\/\"}}]}<\/script>\n<!-- \/ Yoast SEO Premium plugin. -->","yoast_head_json":{"title":"AJUDE O RS - CAMPANHA 1 REAL POR PESSOA - QUEPAZ","robots":{"index":"index","follow":"follow","max-snippet":"max-snippet:-1","max-image-preview":"max-image-preview:large","max-video-preview":"max-video-preview:-1"},"canonical":"https:\/\/quepaz.cc\/index.php\/ajude-rs\/","og_locale":"pt_BR","og_type":"article","og_title":"Ajude RS","og_description":"A Platform That Cares About You. quepaz\u00e9 umamarcaga\u00facha &#038; EST\u00c1 UNINDO FOR\u00c7AS PARA PROPORCIONAR QUALIDADE DE VIDA (DE SEGURAN\u00c7A E SOBREVIV\u00caNCIA) \u00c0S V\u00cdTIMAS DAS ENCHENTES DO RIO GRANDE DO SUL. considerando o alcancedigital de mais 200 mil pessoas CONTAMOS COM: SUA SENSIBILIDADE, MAS A PRIORIDADE \u00c9 FOR\u00c7A DE VONTADE PARA APOIAR. A CAMPANHA \u00c9 1 [&hellip;]","og_url":"https:\/\/quepaz.cc\/index.php\/ajude-rs\/","og_site_name":"Quepaz","article_modified_time":"2024-05-13T17:13:59+00:00","og_image":[{"width":1080,"height":1350,"url":"http:\/\/quepaz.cc\/wp-content\/uploads\/2024\/05\/Snapinsta.app_442424147_1614243029517173_2064368974086448647_n_1080.jpg","type":"image\/jpeg"}],"twitter_card":"summary_large_image","twitter_misc":{"Est. tempo de leitura":"1 minuto"},"schema":{"@context":"https:\/\/schema.org","@graph":[{"@type":"WebPage","@id":"https:\/\/quepaz.cc\/index.php\/ajude-rs\/","url":"https:\/\/quepaz.cc\/index.php\/ajude-rs\/","name":"AJUDE O RS - CAMPANHA 1 REAL POR PESSOA - QUEPAZ","isPartOf":{"@id":"https:\/\/quepaz.cc\/#website"},"primaryImageOfPage":{"@id":"https:\/\/quepaz.cc\/index.php\/ajude-rs\/#primaryimage"},"image":{"@id":"https:\/\/quepaz.cc\/index.php\/ajude-rs\/#primaryimage"},"thumbnailUrl":"https:\/\/quepaz.cc\/wp-content\/uploads\/2024\/05\/Snapinsta.app_442424147_1614243029517173_2064368974086448647_n_1080.jpg","datePublished":"2024-05-13T13:00:29+00:00","dateModified":"2024-05-13T17:13:59+00:00","breadcrumb":{"@id":"https:\/\/quepaz.cc\/index.php\/ajude-rs\/#breadcrumb"},"inLanguage":"pt-BR","potentialAction":[{"@type":"ReadAction","target":["https:\/\/quepaz.cc\/index.php\/ajude-rs\/"]}]},{"@type":"ImageObject","inLanguage":"pt-BR","@id":"https:\/\/quepaz.cc\/index.php\/ajude-rs\/#primaryimage","url":"https:\/\/quepaz.cc\/wp-content\/uploads\/2024\/05\/Snapinsta.app_442424147_1614243029517173_2064368974086448647_n_1080.jpg","contentUrl":"https:\/\/quepaz.cc\/wp-content\/uploads\/2024\/05\/Snapinsta.app_442424147_1614243029517173_2064368974086448647_n_1080.jpg","width":1080,"height":1350},{"@type":"BreadcrumbList","@id":"https:\/\/quepaz.cc\/index.php\/ajude-rs\/#breadcrumb","itemListElement":[{"@type":"ListItem","position":1,"name":"In\u00edcio","item":"https:\/\/quepaz.cc\/"},{"@type":"ListItem","position":2,"name":"Ajude RS"}]},{"@type":"WebSite","@id":"https:\/\/quepaz.cc\/#website","url":"https:\/\/quepaz.cc\/","name":"Quepaz","description":"Terapia Online com Psic\u00f3logos Especialistas.","publisher":{"@id":"https:\/\/quepaz.cc\/#organization"},"potentialAction":[{"@type":"SearchAction","target":{"@type":"EntryPoint","urlTemplate":"https:\/\/quepaz.cc\/?s={search_term_string}"},"query-input":{"@type":"PropertyValueSpecification","valueRequired":true,"valueName":"search_term_string"}}],"inLanguage":"pt-BR"},{"@type":"Organization","@id":"https:\/\/quepaz.cc\/#organization","name":"Quepaz","url":"https:\/\/quepaz.cc\/","logo":{"@type":"ImageObject","inLanguage":"pt-BR","@id":"https:\/\/quepaz.cc\/#\/schema\/logo\/image\/","url":"http:\/\/quepaz.cc\/wp-content\/uploads\/2025\/12\/Clip-path-group-scaled.png","contentUrl":"http:\/\/quepaz.cc\/wp-content\/uploads\/2025\/12\/Clip-path-group-scaled.png","width":2560,"height":2367,"caption":"Quepaz"},"image":{"@id":"https:\/\/quepaz.cc\/#\/schema\/logo\/image\/"}}]}},"_links":{"self":[{"href":"https:\/\/quepaz.cc\/index.php\/wp-json\/wp\/v2\/pages\/5353","targetHints":{"allow":["GET"]}}],"collection":[{"href":"https:\/\/quepaz.cc\/index.php\/wp-json\/wp\/v2\/pages"}],"about":[{"href":"https:\/\/quepaz.cc\/index.php\/wp-json\/wp\/v2\/types\/page"}],"author":[{"embeddable":true,"href":"https:\/\/quepaz.cc\/index.php\/wp-json\/wp\/v2\/users\/1"}],"replies":[{"embeddable":true,"href":"https:\/\/quepaz.cc\/index.php\/wp-json\/wp\/v2\/comments?post=5353"}],"version-history":[{"count":73,"href":"https:\/\/quepaz.cc\/index.php\/wp-json\/wp\/v2\/pages\/5353\/revisions"}],"predecessor-version":[{"id":5437,"href":"https:\/\/quepaz.cc\/index.php\/wp-json\/wp\/v2\/pages\/5353\/revisions\/5437"}],"wp:featuredmedia":[{"embeddable":true,"href":"https:\/\/quepaz.cc\/index.php\/wp-json\/wp\/v2\/media\/5424"}],"wp:attachment":[{"href":"https:\/\/quepaz.cc\/index.php\/wp-json\/wp\/v2\/media?parent=5353"}],"curies":[{"name":"wp","href":"https:\/\/api.w.org\/{rel}","templated":true}]}}