{"id":4957,"date":"2024-03-22T15:24:23","date_gmt":"2024-03-22T15:24:23","guid":{"rendered":"https:\/\/quepaz.cc\/?page_id=4957"},"modified":"2024-03-26T14:51:41","modified_gmt":"2024-03-26T14:51:41","slug":"9-meet-quepaz","status":"publish","type":"page","link":"https:\/\/quepaz.cc\/index.php\/9-meet-quepaz\/","title":{"rendered":"Meet quepaz"},"content":{"rendered":"\t\t<div data-elementor-type=\"wp-page\" data-elementor-id=\"4957\" class=\"elementor elementor-4957\" data-elementor-settings=\"{&quot;ha_cmc_init_switcher&quot;:&quot;no&quot;}\" data-elementor-post-type=\"page\">\n\t\t\t\t<div class=\"elementor-element elementor-element-90c2152 e-con-full e-flex e-con e-parent\" data-id=\"90c2152\" data-element_type=\"container\" data-e-type=\"container\" data-settings=\"{&quot;_ha_eqh_enable&quot;:false}\">\n\t\t\t\t<div class=\"elementor-element elementor-element-4cc23bea elementor-widget elementor-widget-heading\" data-id=\"4cc23bea\" data-element_type=\"widget\" data-e-type=\"widget\" data-widget_type=\"heading.default\">\n\t\t\t\t<div class=\"elementor-widget-container\">\n\t\t\t\t\t<h2 class=\"elementor-heading-title elementor-size-default\">@quepaz.cc<\/h2>\t\t\t\t<\/div>\n\t\t\t\t<\/div>\n\t\t\t\t<div class=\"elementor-element elementor-element-44a5596a elementor-widget elementor-widget-heading\" data-id=\"44a5596a\" data-element_type=\"widget\" data-e-type=\"widget\" data-widget_type=\"heading.default\">\n\t\t\t\t<div class=\"elementor-widget-container\">\n\t\t\t\t\t<h2 class=\"elementor-heading-title elementor-size-default\">P\u00c1GINA INICIAL<\/h2>\t\t\t\t<\/div>\n\t\t\t\t<\/div>\n\t\t\t\t<\/div>\n\t\t<div class=\"elementor-element elementor-element-39668c37 e-con-full e-flex e-con e-parent\" data-id=\"39668c37\" data-element_type=\"container\" data-e-type=\"container\" data-settings=\"{&quot;_ha_eqh_enable&quot;:false}\">\n\t\t<div class=\"elementor-element elementor-element-500bbf3e e-con-full e-flex e-con e-parent\" data-id=\"500bbf3e\" data-element_type=\"container\" data-e-type=\"container\" data-settings=\"{&quot;background_background&quot;:&quot;classic&quot;,&quot;_ha_eqh_enable&quot;:false}\">\n\t\t<div class=\"elementor-element elementor-element-103152b4 e-flex e-con-boxed e-con e-parent\" data-id=\"103152b4\" data-element_type=\"container\" data-e-type=\"container\" data-settings=\"{&quot;_ha_eqh_enable&quot;:false}\">\n\t\t\t\t\t<div class=\"e-con-inner\">\n\t\t\t\t<div class=\"elementor-element elementor-element-30bce450 elementor-widget elementor-widget-heading\" data-id=\"30bce450\" data-element_type=\"widget\" data-e-type=\"widget\" data-widget_type=\"heading.default\">\n\t\t\t\t<div class=\"elementor-widget-container\">\n\t\t\t\t\t<h2 class=\"elementor-heading-title elementor-size-default\">home<\/h2>\t\t\t\t<\/div>\n\t\t\t\t<\/div>\n\t\t\t\t<div class=\"elementor-element elementor-element-74ddfaaf elementor-widget elementor-widget-heading\" data-id=\"74ddfaaf\" data-element_type=\"widget\" data-e-type=\"widget\" data-widget_type=\"heading.default\">\n\t\t\t\t<div class=\"elementor-widget-container\">\n\t\t\t\t\t<h2 class=\"elementor-heading-title elementor-size-default\">the brand<\/h2>\t\t\t\t<\/div>\n\t\t\t\t<\/div>\n\t\t\t\t\t<\/div>\n\t\t\t\t<\/div>\n\t\t<div class=\"elementor-element elementor-element-4c67e5cd e-con-full e-flex e-con e-parent\" data-id=\"4c67e5cd\" data-element_type=\"container\" data-e-type=\"container\" data-settings=\"{&quot;_ha_eqh_enable&quot;:false}\">\n\t\t\t\t<div class=\"elementor-element elementor-element-b2ba148 elementor-nav-menu__align-justify elementor-nav-menu--dropdown-none elementor-widget elementor-widget-nav-menu\" data-id=\"b2ba148\" data-element_type=\"widget\" data-e-type=\"widget\" data-settings=\"{&quot;layout&quot;:&quot;horizontal&quot;,&quot;submenu_icon&quot;:{&quot;value&quot;:&quot;&lt;svg aria-hidden=\\&quot;true\\&quot; class=\\&quot;e-font-icon-svg e-fas-caret-down\\&quot; viewBox=\\&quot;0 0 320 512\\&quot; xmlns=\\&quot;http:\\\/\\\/www.w3.org\\\/2000\\\/svg\\&quot;&gt;&lt;path d=\\&quot;M31.3 192h257.3c17.8 0 26.7 21.5 14.1 34.1L174.1 354.8c-7.8 7.8-20.5 7.8-28.3 0L17.2 226.1C4.6 213.5 13.5 192 31.3 192z\\&quot;&gt;&lt;\\\/path&gt;&lt;\\\/svg&gt;&quot;,&quot;library&quot;:&quot;fa-solid&quot;}}\" data-widget_type=\"nav-menu.default\">\n\t\t\t\t<div class=\"elementor-widget-container\">\n\t\t\t\t\t\t\t\t<nav aria-label=\"Menu\" class=\"elementor-nav-menu--main elementor-nav-menu__container elementor-nav-menu--layout-horizontal e--pointer-none\">\n\t\t\t\t<ul id=\"menu-1-b2ba148\" class=\"elementor-nav-menu\"><li class=\"menu-item menu-item-type-custom menu-item-object-custom menu-item-has-children menu-item-39\"><a href=\"https:\/\/quepaz.cc\/index.php\/2-escolha-seu-mood\/\" class=\"elementor-item\">Mood<\/a>\n<ul class=\"sub-menu elementor-nav-menu--dropdown\">\n\t<li class=\"menu-item menu-item-type-post_type menu-item-object-page menu-item-5117\"><a href=\"https:\/\/quepaz.cc\/index.php\/4-mood-match-terapia\/\" class=\"elementor-sub-item\">Mood: Match Terapia<\/a><\/li>\n<\/ul>\n<\/li>\n<li class=\"menu-item menu-item-type-custom menu-item-object-custom menu-item-3450\"><a href=\"https:\/\/quepaz.cc\/index.php\/5-o-match-vai-comecar\/\" class=\"elementor-item\">Match Terapia<\/a><\/li>\n<li class=\"menu-item menu-item-type-custom menu-item-object-custom menu-item-has-children menu-item-547\"><a href=\"https:\/\/quepaz.cc\/index.php\/7-meet-quepaz\/\" class=\"elementor-item\">Meet quepaz.cc<\/a>\n<ul class=\"sub-menu elementor-nav-menu--dropdown\">\n\t<li class=\"menu-item menu-item-type-post_type menu-item-object-page menu-item-5124\"><a href=\"https:\/\/quepaz.cc\/index.php\/8-meet-quepaz\/\" class=\"elementor-sub-item\">Meet quepaz<\/a><\/li>\n\t<li class=\"menu-item menu-item-type-post_type menu-item-object-page menu-item-5123\"><a href=\"https:\/\/quepaz.cc\/index.php\/9-meet-quepaz\/\" class=\"elementor-sub-item\">Meet quepaz<\/a><\/li>\n\t<li class=\"menu-item menu-item-type-post_type menu-item-object-page menu-item-5126\"><a href=\"https:\/\/quepaz.cc\/index.php\/6-meet-our-story\/\" class=\"elementor-sub-item\">Meet our story<\/a><\/li>\n\t<li class=\"menu-item menu-item-type-post_type menu-item-object-page menu-item-5121\"><a href=\"https:\/\/quepaz.cc\/index.php\/conheca-fundadora\/\" class=\"elementor-sub-item\">Conhe\u00e7a a Fundadora da Quepaz.cc<\/a><\/li>\n<\/ul>\n<\/li>\n<li class=\"menu-item menu-item-type-custom menu-item-object-custom menu-item-3053\"><a href=\"https:\/\/quepaz.cc\/index.php\/quepazstories\/\" class=\"elementor-item\">Quepaz Stories<\/a><\/li>\n<li class=\"menu-item menu-item-type-post_type menu-item-object-page menu-item-5438\"><a href=\"https:\/\/quepaz.cc\/index.php\/ajude-rs\/\" class=\"elementor-item\">Ajude o RS<\/a><\/li>\n<\/ul>\t\t\t<\/nav>\n\t\t\t\t\t\t<nav class=\"elementor-nav-menu--dropdown elementor-nav-menu__container\" aria-hidden=\"true\">\n\t\t\t\t<ul id=\"menu-2-b2ba148\" class=\"elementor-nav-menu\"><li class=\"menu-item menu-item-type-custom menu-item-object-custom menu-item-has-children menu-item-39\"><a href=\"https:\/\/quepaz.cc\/index.php\/2-escolha-seu-mood\/\" class=\"elementor-item\" tabindex=\"-1\">Mood<\/a>\n<ul class=\"sub-menu elementor-nav-menu--dropdown\">\n\t<li class=\"menu-item menu-item-type-post_type menu-item-object-page menu-item-5117\"><a href=\"https:\/\/quepaz.cc\/index.php\/4-mood-match-terapia\/\" class=\"elementor-sub-item\" tabindex=\"-1\">Mood: Match Terapia<\/a><\/li>\n<\/ul>\n<\/li>\n<li class=\"menu-item menu-item-type-custom menu-item-object-custom menu-item-3450\"><a href=\"https:\/\/quepaz.cc\/index.php\/5-o-match-vai-comecar\/\" class=\"elementor-item\" tabindex=\"-1\">Match Terapia<\/a><\/li>\n<li class=\"menu-item menu-item-type-custom menu-item-object-custom menu-item-has-children menu-item-547\"><a href=\"https:\/\/quepaz.cc\/index.php\/7-meet-quepaz\/\" class=\"elementor-item\" tabindex=\"-1\">Meet quepaz.cc<\/a>\n<ul class=\"sub-menu elementor-nav-menu--dropdown\">\n\t<li class=\"menu-item menu-item-type-post_type menu-item-object-page menu-item-5124\"><a href=\"https:\/\/quepaz.cc\/index.php\/8-meet-quepaz\/\" class=\"elementor-sub-item\" tabindex=\"-1\">Meet quepaz<\/a><\/li>\n\t<li class=\"menu-item menu-item-type-post_type menu-item-object-page menu-item-5123\"><a href=\"https:\/\/quepaz.cc\/index.php\/9-meet-quepaz\/\" class=\"elementor-sub-item\" tabindex=\"-1\">Meet quepaz<\/a><\/li>\n\t<li class=\"menu-item menu-item-type-post_type menu-item-object-page menu-item-5126\"><a href=\"https:\/\/quepaz.cc\/index.php\/6-meet-our-story\/\" class=\"elementor-sub-item\" tabindex=\"-1\">Meet our story<\/a><\/li>\n\t<li class=\"menu-item menu-item-type-post_type menu-item-object-page menu-item-5121\"><a href=\"https:\/\/quepaz.cc\/index.php\/conheca-fundadora\/\" class=\"elementor-sub-item\" tabindex=\"-1\">Conhe\u00e7a a Fundadora da Quepaz.cc<\/a><\/li>\n<\/ul>\n<\/li>\n<li class=\"menu-item menu-item-type-custom menu-item-object-custom menu-item-3053\"><a href=\"https:\/\/quepaz.cc\/index.php\/quepazstories\/\" class=\"elementor-item\" tabindex=\"-1\">Quepaz Stories<\/a><\/li>\n<li class=\"menu-item menu-item-type-post_type menu-item-object-page menu-item-5438\"><a href=\"https:\/\/quepaz.cc\/index.php\/ajude-rs\/\" class=\"elementor-item\" tabindex=\"-1\">Ajude o RS<\/a><\/li>\n<\/ul>\t\t\t<\/nav>\n\t\t\t\t\t\t<\/div>\n\t\t\t\t<\/div>\n\t\t\t\t<\/div>\n\t\t\t\t<\/div>\n\t\t<div class=\"elementor-element elementor-element-487eabb0 e-con-full e-flex e-con e-parent\" data-id=\"487eabb0\" data-element_type=\"container\" data-e-type=\"container\" data-settings=\"{&quot;background_background&quot;:&quot;classic&quot;,&quot;_ha_eqh_enable&quot;:false}\">\n\t\t\t\t<div class=\"elementor-element elementor-element-430000e3 elementor-widget elementor-widget-heading\" data-id=\"430000e3\" data-element_type=\"widget\" data-e-type=\"widget\" data-widget_type=\"heading.default\">\n\t\t\t\t<div class=\"elementor-widget-container\">\n\t\t\t\t\t<h2 class=\"elementor-heading-title elementor-size-default\"><b>meet<\/b> <i>quepaz.cc<\/i><\/h2>\t\t\t\t<\/div>\n\t\t\t\t<\/div>\n\t\t\t\t<\/div>\n\t\t\t\t<div class=\"elementor-element elementor-element-2b1b6ac9 elementor-widget elementor-widget-heading\" data-id=\"2b1b6ac9\" data-element_type=\"widget\" data-e-type=\"widget\" data-widget_type=\"heading.default\">\n\t\t\t\t<div class=\"elementor-widget-container\">\n\t\t\t\t\t<h2 class=\"elementor-heading-title elementor-size-default\">SABE QUANDO OS BOLETOS EST\u00c3O EM DIA E A CASA ORGANIZADA? A SENSA\u00c7\u00c3O \u00c9 \"QUEPAZ\", N\u00c9? QUEREMOS QUE VOC\u00ca EXPERIMENTE DIARIAMENTE COMO \u00c9 SE SENTIR ASSIM CONSIGO MESMA.<\/h2>\t\t\t\t<\/div>\n\t\t\t\t<\/div>\n\t\t<div class=\"elementor-element elementor-element-2e703ce0 e-flex e-con-boxed e-con e-parent\" data-id=\"2e703ce0\" data-element_type=\"container\" data-e-type=\"container\" data-settings=\"{&quot;_ha_eqh_enable&quot;:false}\">\n\t\t\t\t\t<div class=\"e-con-inner\">\n\t\t\t\t<div class=\"elementor-element elementor-element-60edacc elementor-widget elementor-widget-heading\" data-id=\"60edacc\" data-element_type=\"widget\" data-e-type=\"widget\" data-widget_type=\"heading.default\">\n\t\t\t\t<div class=\"elementor-widget-container\">\n\t\t\t\t\t<h2 class=\"elementor-heading-title elementor-size-default\">PROFISSIONAIS<br>DISPON\u00cdVEIS PARA<BR>ATENDIMENTO.<\/h2>\t\t\t\t<\/div>\n\t\t\t\t<\/div>\n\t\t\t\t<div class=\"elementor-element elementor-element-5331b698 elementor-widget elementor-widget-heading\" data-id=\"5331b698\" data-element_type=\"widget\" data-e-type=\"widget\" data-widget_type=\"heading.default\">\n\t\t\t\t<div class=\"elementor-widget-container\">\n\t\t\t\t\t<h2 class=\"elementor-heading-title elementor-size-default\">PLATAFORMA DE<BR>CONTE\u00daDO.<\/h2>\t\t\t\t<\/div>\n\t\t\t\t<\/div>\n\t\t\t\t<div class=\"elementor-element elementor-element-7906c803 elementor-widget elementor-widget-heading\" data-id=\"7906c803\" data-element_type=\"widget\" data-e-type=\"widget\" data-widget_type=\"heading.default\">\n\t\t\t\t<div class=\"elementor-widget-container\">\n\t\t\t\t\t<h2 class=\"elementor-heading-title elementor-size-default\">CONECTAMOS VOC\u00ca \u00c0<br>UM PSIC\u00d3LOGO COM<BR>BASE NO MATCH.<\/h2>\t\t\t\t<\/div>\n\t\t\t\t<\/div>\n\t\t\t\t<div class=\"elementor-element elementor-element-1d44cab5 elementor-widget elementor-widget-heading\" data-id=\"1d44cab5\" data-element_type=\"widget\" data-e-type=\"widget\" data-widget_type=\"heading.default\">\n\t\t\t\t<div class=\"elementor-widget-container\">\n\t\t\t\t\t<h2 class=\"elementor-heading-title elementor-size-default\">F\u00c1CIL ACESSO \u00c0<BR>TERAPIA.<\/h2>\t\t\t\t<\/div>\n\t\t\t\t<\/div>\n\t\t\t\t\t<\/div>\n\t\t\t\t<\/div>\n\t\t<div class=\"elementor-element elementor-element-1f6f60b2 e-con-full e-flex e-con e-parent\" data-id=\"1f6f60b2\" data-element_type=\"container\" data-e-type=\"container\" data-settings=\"{&quot;background_background&quot;:&quot;classic&quot;,&quot;_ha_eqh_enable&quot;:false}\">\n\t\t\t\t<div class=\"elementor-element elementor-element-56011a06 elementor-widget elementor-widget-heading\" data-id=\"56011a06\" data-element_type=\"widget\" data-e-type=\"widget\" data-widget_type=\"heading.default\">\n\t\t\t\t<div class=\"elementor-widget-container\">\n\t\t\t\t\t<h2 class=\"elementor-heading-title elementor-size-default\">CONVIDAMOS VOC\u00ca A CONHECER A JORNADA QUE NOS FEZ CHEGAR AT\u00c9 AQUI &amp; ENTRAR NA TELA DO SEU ESPACINHO<\/h2>\t\t\t\t<\/div>\n\t\t\t\t<\/div>\n\t\t\t\t<\/div>\n\t\t\t\t<\/div>\n\t\t\t\t<\/div>\n\t\t","protected":false},"excerpt":{"rendered":"<p>@quepaz.cc P\u00c1GINA INICIAL home the brand meet quepaz.cc SABE QUANDO OS BOLETOS EST\u00c3O EM DIA E A CASA ORGANIZADA? A SENSA\u00c7\u00c3O \u00c9 &#8220;QUEPAZ&#8221;, N\u00c9? QUEREMOS QUE VOC\u00ca EXPERIMENTE DIARIAMENTE COMO \u00c9 SE SENTIR ASSIM CONSIGO MESMA. PROFISSIONAISDISPON\u00cdVEIS PARAATENDIMENTO. PLATAFORMA DECONTE\u00daDO. CONECTAMOS VOC\u00ca \u00c0UM PSIC\u00d3LOGO COMBASE NO MATCH. F\u00c1CIL ACESSO \u00c0TERAPIA. CONVIDAMOS VOC\u00ca A CONHECER A [&hellip;]<\/p>\n","protected":false},"author":1,"featured_media":0,"parent":0,"menu_order":0,"comment_status":"closed","ping_status":"closed","template":"elementor_canvas","meta":{"footnotes":""},"class_list":["post-4957","page","type-page","status-publish","hentry"],"yoast_head":"<!-- This site is optimized with the Yoast SEO Premium plugin v20.5 (Yoast SEO v27.1.1) - https:\/\/yoast.com\/product\/yoast-seo-premium-wordpress\/ -->\n<title>Meet quepaz - Quepaz<\/title>\n<meta name=\"robots\" content=\"index, follow, max-snippet:-1, max-image-preview:large, max-video-preview:-1\" \/>\n<link rel=\"canonical\" href=\"https:\/\/quepaz.cc\/index.php\/9-meet-quepaz\/\" \/>\n<meta property=\"og:locale\" content=\"pt_BR\" \/>\n<meta property=\"og:type\" content=\"article\" \/>\n<meta property=\"og:title\" content=\"Meet quepaz\" \/>\n<meta property=\"og:description\" content=\"@quepaz.cc P\u00c1GINA INICIAL home the brand meet quepaz.cc SABE QUANDO OS BOLETOS EST\u00c3O EM DIA E A CASA ORGANIZADA? A SENSA\u00c7\u00c3O \u00c9 &#8220;QUEPAZ&#8221;, N\u00c9? QUEREMOS QUE VOC\u00ca EXPERIMENTE DIARIAMENTE COMO \u00c9 SE SENTIR ASSIM CONSIGO MESMA. PROFISSIONAISDISPON\u00cdVEIS PARAATENDIMENTO. PLATAFORMA DECONTE\u00daDO. CONECTAMOS VOC\u00ca \u00c0UM PSIC\u00d3LOGO COMBASE NO MATCH. F\u00c1CIL ACESSO \u00c0TERAPIA. CONVIDAMOS VOC\u00ca A CONHECER A [&hellip;]\" \/>\n<meta property=\"og:url\" content=\"https:\/\/quepaz.cc\/index.php\/9-meet-quepaz\/\" \/>\n<meta property=\"og:site_name\" content=\"Quepaz\" \/>\n<meta property=\"article:modified_time\" content=\"2024-03-26T14:51:41+00:00\" \/>\n<meta name=\"twitter:card\" content=\"summary_large_image\" \/>\n<meta name=\"twitter:label1\" content=\"Est. tempo de leitura\" \/>\n\t<meta name=\"twitter:data1\" content=\"1 minuto\" \/>\n<script type=\"application\/ld+json\" class=\"yoast-schema-graph\">{\"@context\":\"https:\/\/schema.org\",\"@graph\":[{\"@type\":\"WebPage\",\"@id\":\"https:\/\/quepaz.cc\/index.php\/9-meet-quepaz\/\",\"url\":\"https:\/\/quepaz.cc\/index.php\/9-meet-quepaz\/\",\"name\":\"Meet quepaz - Quepaz\",\"isPartOf\":{\"@id\":\"https:\/\/quepaz.cc\/#website\"},\"datePublished\":\"2024-03-22T15:24:23+00:00\",\"dateModified\":\"2024-03-26T14:51:41+00:00\",\"breadcrumb\":{\"@id\":\"https:\/\/quepaz.cc\/index.php\/9-meet-quepaz\/#breadcrumb\"},\"inLanguage\":\"pt-BR\",\"potentialAction\":[{\"@type\":\"ReadAction\",\"target\":[\"https:\/\/quepaz.cc\/index.php\/9-meet-quepaz\/\"]}]},{\"@type\":\"BreadcrumbList\",\"@id\":\"https:\/\/quepaz.cc\/index.php\/9-meet-quepaz\/#breadcrumb\",\"itemListElement\":[{\"@type\":\"ListItem\",\"position\":1,\"name\":\"In\u00edcio\",\"item\":\"https:\/\/quepaz.cc\/\"},{\"@type\":\"ListItem\",\"position\":2,\"name\":\"Meet quepaz\"}]},{\"@type\":\"WebSite\",\"@id\":\"https:\/\/quepaz.cc\/#website\",\"url\":\"https:\/\/quepaz.cc\/\",\"name\":\"Quepaz\",\"description\":\"Terapia Online com Psic\u00f3logos Especialistas.\",\"publisher\":{\"@id\":\"https:\/\/quepaz.cc\/#organization\"},\"potentialAction\":[{\"@type\":\"SearchAction\",\"target\":{\"@type\":\"EntryPoint\",\"urlTemplate\":\"https:\/\/quepaz.cc\/?s={search_term_string}\"},\"query-input\":{\"@type\":\"PropertyValueSpecification\",\"valueRequired\":true,\"valueName\":\"search_term_string\"}}],\"inLanguage\":\"pt-BR\"},{\"@type\":\"Organization\",\"@id\":\"https:\/\/quepaz.cc\/#organization\",\"name\":\"Quepaz\",\"url\":\"https:\/\/quepaz.cc\/\",\"logo\":{\"@type\":\"ImageObject\",\"inLanguage\":\"pt-BR\",\"@id\":\"https:\/\/quepaz.cc\/#\/schema\/logo\/image\/\",\"url\":\"http:\/\/quepaz.cc\/wp-content\/uploads\/2025\/12\/Clip-path-group-scaled.png\",\"contentUrl\":\"http:\/\/quepaz.cc\/wp-content\/uploads\/2025\/12\/Clip-path-group-scaled.png\",\"width\":2560,\"height\":2367,\"caption\":\"Quepaz\"},\"image\":{\"@id\":\"https:\/\/quepaz.cc\/#\/schema\/logo\/image\/\"}}]}<\/script>\n<!-- \/ Yoast SEO Premium plugin. -->","yoast_head_json":{"title":"Meet quepaz - Quepaz","robots":{"index":"index","follow":"follow","max-snippet":"max-snippet:-1","max-image-preview":"max-image-preview:large","max-video-preview":"max-video-preview:-1"},"canonical":"https:\/\/quepaz.cc\/index.php\/9-meet-quepaz\/","og_locale":"pt_BR","og_type":"article","og_title":"Meet quepaz","og_description":"@quepaz.cc P\u00c1GINA INICIAL home the brand meet quepaz.cc SABE QUANDO OS BOLETOS EST\u00c3O EM DIA E A CASA ORGANIZADA? A SENSA\u00c7\u00c3O \u00c9 &#8220;QUEPAZ&#8221;, N\u00c9? QUEREMOS QUE VOC\u00ca EXPERIMENTE DIARIAMENTE COMO \u00c9 SE SENTIR ASSIM CONSIGO MESMA. PROFISSIONAISDISPON\u00cdVEIS PARAATENDIMENTO. PLATAFORMA DECONTE\u00daDO. CONECTAMOS VOC\u00ca \u00c0UM PSIC\u00d3LOGO COMBASE NO MATCH. F\u00c1CIL ACESSO \u00c0TERAPIA. CONVIDAMOS VOC\u00ca A CONHECER A [&hellip;]","og_url":"https:\/\/quepaz.cc\/index.php\/9-meet-quepaz\/","og_site_name":"Quepaz","article_modified_time":"2024-03-26T14:51:41+00:00","twitter_card":"summary_large_image","twitter_misc":{"Est. tempo de leitura":"1 minuto"},"schema":{"@context":"https:\/\/schema.org","@graph":[{"@type":"WebPage","@id":"https:\/\/quepaz.cc\/index.php\/9-meet-quepaz\/","url":"https:\/\/quepaz.cc\/index.php\/9-meet-quepaz\/","name":"Meet quepaz - Quepaz","isPartOf":{"@id":"https:\/\/quepaz.cc\/#website"},"datePublished":"2024-03-22T15:24:23+00:00","dateModified":"2024-03-26T14:51:41+00:00","breadcrumb":{"@id":"https:\/\/quepaz.cc\/index.php\/9-meet-quepaz\/#breadcrumb"},"inLanguage":"pt-BR","potentialAction":[{"@type":"ReadAction","target":["https:\/\/quepaz.cc\/index.php\/9-meet-quepaz\/"]}]},{"@type":"BreadcrumbList","@id":"https:\/\/quepaz.cc\/index.php\/9-meet-quepaz\/#breadcrumb","itemListElement":[{"@type":"ListItem","position":1,"name":"In\u00edcio","item":"https:\/\/quepaz.cc\/"},{"@type":"ListItem","position":2,"name":"Meet quepaz"}]},{"@type":"WebSite","@id":"https:\/\/quepaz.cc\/#website","url":"https:\/\/quepaz.cc\/","name":"Quepaz","description":"Terapia Online com Psic\u00f3logos Especialistas.","publisher":{"@id":"https:\/\/quepaz.cc\/#organization"},"potentialAction":[{"@type":"SearchAction","target":{"@type":"EntryPoint","urlTemplate":"https:\/\/quepaz.cc\/?s={search_term_string}"},"query-input":{"@type":"PropertyValueSpecification","valueRequired":true,"valueName":"search_term_string"}}],"inLanguage":"pt-BR"},{"@type":"Organization","@id":"https:\/\/quepaz.cc\/#organization","name":"Quepaz","url":"https:\/\/quepaz.cc\/","logo":{"@type":"ImageObject","inLanguage":"pt-BR","@id":"https:\/\/quepaz.cc\/#\/schema\/logo\/image\/","url":"http:\/\/quepaz.cc\/wp-content\/uploads\/2025\/12\/Clip-path-group-scaled.png","contentUrl":"http:\/\/quepaz.cc\/wp-content\/uploads\/2025\/12\/Clip-path-group-scaled.png","width":2560,"height":2367,"caption":"Quepaz"},"image":{"@id":"https:\/\/quepaz.cc\/#\/schema\/logo\/image\/"}}]}},"_links":{"self":[{"href":"https:\/\/quepaz.cc\/index.php\/wp-json\/wp\/v2\/pages\/4957","targetHints":{"allow":["GET"]}}],"collection":[{"href":"https:\/\/quepaz.cc\/index.php\/wp-json\/wp\/v2\/pages"}],"about":[{"href":"https:\/\/quepaz.cc\/index.php\/wp-json\/wp\/v2\/types\/page"}],"author":[{"embeddable":true,"href":"https:\/\/quepaz.cc\/index.php\/wp-json\/wp\/v2\/users\/1"}],"replies":[{"embeddable":true,"href":"https:\/\/quepaz.cc\/index.php\/wp-json\/wp\/v2\/comments?post=4957"}],"version-history":[{"count":11,"href":"https:\/\/quepaz.cc\/index.php\/wp-json\/wp\/v2\/pages\/4957\/revisions"}],"predecessor-version":[{"id":5243,"href":"https:\/\/quepaz.cc\/index.php\/wp-json\/wp\/v2\/pages\/4957\/revisions\/5243"}],"wp:attachment":[{"href":"https:\/\/quepaz.cc\/index.php\/wp-json\/wp\/v2\/media?parent=4957"}],"curies":[{"name":"wp","href":"https:\/\/api.w.org\/{rel}","templated":true}]}}