{"id":4937,"date":"2024-03-22T15:11:41","date_gmt":"2024-03-22T15:11:41","guid":{"rendered":"https:\/\/quepaz.cc\/?page_id=4937"},"modified":"2024-03-26T14:46:27","modified_gmt":"2024-03-26T14:46:27","slug":"7-meet-quepaz","status":"publish","type":"page","link":"https:\/\/quepaz.cc\/index.php\/7-meet-quepaz\/","title":{"rendered":"Meet quepaz"},"content":{"rendered":"\t\t<div data-elementor-type=\"wp-page\" data-elementor-id=\"4937\" class=\"elementor elementor-4937\" data-elementor-settings=\"{&quot;ha_cmc_init_switcher&quot;:&quot;no&quot;}\" data-elementor-post-type=\"page\">\n\t\t\t\t<div class=\"elementor-element elementor-element-5a9177ea e-con-full e-flex e-con e-parent\" data-id=\"5a9177ea\" data-element_type=\"container\" data-e-type=\"container\" data-settings=\"{&quot;_ha_eqh_enable&quot;:false}\">\n\t\t\t\t<div class=\"elementor-element elementor-element-213a6602 elementor-widget elementor-widget-heading\" data-id=\"213a6602\" data-element_type=\"widget\" data-e-type=\"widget\" data-widget_type=\"heading.default\">\n\t\t\t\t<div class=\"elementor-widget-container\">\n\t\t\t\t\t<h2 class=\"elementor-heading-title elementor-size-default\">@quepaz.cc<\/h2>\t\t\t\t<\/div>\n\t\t\t\t<\/div>\n\t\t\t\t<div class=\"elementor-element elementor-element-6fcffb9c elementor-widget elementor-widget-heading\" data-id=\"6fcffb9c\" data-element_type=\"widget\" data-e-type=\"widget\" data-widget_type=\"heading.default\">\n\t\t\t\t<div class=\"elementor-widget-container\">\n\t\t\t\t\t<h2 class=\"elementor-heading-title elementor-size-default\"><a href=\"https:\/\/quepaz.cc\/\">P\u00c1GINA INICIAL<\/a><\/h2>\t\t\t\t<\/div>\n\t\t\t\t<\/div>\n\t\t\t\t<\/div>\n\t\t<div class=\"elementor-element elementor-element-1beb5f7d e-con-full e-flex e-con e-parent\" data-id=\"1beb5f7d\" data-element_type=\"container\" data-e-type=\"container\" data-settings=\"{&quot;_ha_eqh_enable&quot;:false}\">\n\t\t<div class=\"elementor-element elementor-element-1e0ac303 e-con-full e-flex e-con e-parent\" data-id=\"1e0ac303\" data-element_type=\"container\" data-e-type=\"container\" data-settings=\"{&quot;background_background&quot;:&quot;classic&quot;,&quot;_ha_eqh_enable&quot;:false}\">\n\t\t<div class=\"elementor-element elementor-element-2bb7e99 e-flex e-con-boxed e-con e-parent\" data-id=\"2bb7e99\" data-element_type=\"container\" data-e-type=\"container\" data-settings=\"{&quot;_ha_eqh_enable&quot;:false}\">\n\t\t\t\t\t<div class=\"e-con-inner\">\n\t\t\t\t<div class=\"elementor-element elementor-element-290241e7 elementor-widget elementor-widget-heading\" data-id=\"290241e7\" data-element_type=\"widget\" data-e-type=\"widget\" data-widget_type=\"heading.default\">\n\t\t\t\t<div class=\"elementor-widget-container\">\n\t\t\t\t\t<h2 class=\"elementor-heading-title elementor-size-default\">home<\/h2>\t\t\t\t<\/div>\n\t\t\t\t<\/div>\n\t\t\t\t<div class=\"elementor-element elementor-element-9627dd1 elementor-widget elementor-widget-heading\" data-id=\"9627dd1\" data-element_type=\"widget\" data-e-type=\"widget\" data-widget_type=\"heading.default\">\n\t\t\t\t<div class=\"elementor-widget-container\">\n\t\t\t\t\t<h2 class=\"elementor-heading-title elementor-size-default\">the brand<\/h2>\t\t\t\t<\/div>\n\t\t\t\t<\/div>\n\t\t\t\t\t<\/div>\n\t\t\t\t<\/div>\n\t\t<div class=\"elementor-element elementor-element-2878c6ac e-con-full e-flex e-con e-parent\" data-id=\"2878c6ac\" data-element_type=\"container\" data-e-type=\"container\" data-settings=\"{&quot;_ha_eqh_enable&quot;:false}\">\n\t\t\t\t<div class=\"elementor-element elementor-element-543ca511 elementor-nav-menu__align-justify elementor-nav-menu--dropdown-none elementor-widget elementor-widget-nav-menu\" data-id=\"543ca511\" data-element_type=\"widget\" data-e-type=\"widget\" data-settings=\"{&quot;layout&quot;:&quot;horizontal&quot;,&quot;submenu_icon&quot;:{&quot;value&quot;:&quot;&lt;svg aria-hidden=\\&quot;true\\&quot; class=\\&quot;e-font-icon-svg e-fas-caret-down\\&quot; viewBox=\\&quot;0 0 320 512\\&quot; xmlns=\\&quot;http:\\\/\\\/www.w3.org\\\/2000\\\/svg\\&quot;&gt;&lt;path d=\\&quot;M31.3 192h257.3c17.8 0 26.7 21.5 14.1 34.1L174.1 354.8c-7.8 7.8-20.5 7.8-28.3 0L17.2 226.1C4.6 213.5 13.5 192 31.3 192z\\&quot;&gt;&lt;\\\/path&gt;&lt;\\\/svg&gt;&quot;,&quot;library&quot;:&quot;fa-solid&quot;}}\" data-widget_type=\"nav-menu.default\">\n\t\t\t\t<div class=\"elementor-widget-container\">\n\t\t\t\t\t\t\t\t<nav aria-label=\"Menu\" class=\"elementor-nav-menu--main elementor-nav-menu__container elementor-nav-menu--layout-horizontal e--pointer-none\">\n\t\t\t\t<ul id=\"menu-1-543ca511\" class=\"elementor-nav-menu\"><li class=\"menu-item menu-item-type-custom menu-item-object-custom menu-item-has-children menu-item-39\"><a href=\"https:\/\/quepaz.cc\/index.php\/2-escolha-seu-mood\/\" class=\"elementor-item\">Mood<\/a>\n<ul class=\"sub-menu elementor-nav-menu--dropdown\">\n\t<li class=\"menu-item menu-item-type-post_type menu-item-object-page menu-item-5117\"><a href=\"https:\/\/quepaz.cc\/index.php\/4-mood-match-terapia\/\" class=\"elementor-sub-item\">Mood: Match Terapia<\/a><\/li>\n<\/ul>\n<\/li>\n<li class=\"menu-item menu-item-type-custom menu-item-object-custom menu-item-3450\"><a href=\"https:\/\/quepaz.cc\/index.php\/5-o-match-vai-comecar\/\" class=\"elementor-item\">Match Terapia<\/a><\/li>\n<li class=\"menu-item menu-item-type-custom menu-item-object-custom menu-item-has-children menu-item-547\"><a href=\"https:\/\/quepaz.cc\/index.php\/7-meet-quepaz\/\" class=\"elementor-item\">Meet quepaz.cc<\/a>\n<ul class=\"sub-menu elementor-nav-menu--dropdown\">\n\t<li class=\"menu-item menu-item-type-post_type menu-item-object-page menu-item-5124\"><a href=\"https:\/\/quepaz.cc\/index.php\/8-meet-quepaz\/\" class=\"elementor-sub-item\">Meet quepaz<\/a><\/li>\n\t<li class=\"menu-item menu-item-type-post_type menu-item-object-page menu-item-5123\"><a href=\"https:\/\/quepaz.cc\/index.php\/9-meet-quepaz\/\" class=\"elementor-sub-item\">Meet quepaz<\/a><\/li>\n\t<li class=\"menu-item menu-item-type-post_type menu-item-object-page menu-item-5126\"><a href=\"https:\/\/quepaz.cc\/index.php\/6-meet-our-story\/\" class=\"elementor-sub-item\">Meet our story<\/a><\/li>\n\t<li class=\"menu-item menu-item-type-post_type menu-item-object-page menu-item-5121\"><a href=\"https:\/\/quepaz.cc\/index.php\/conheca-fundadora\/\" class=\"elementor-sub-item\">Conhe\u00e7a a Fundadora da Quepaz.cc<\/a><\/li>\n<\/ul>\n<\/li>\n<li class=\"menu-item menu-item-type-custom menu-item-object-custom menu-item-3053\"><a href=\"https:\/\/quepaz.cc\/index.php\/quepazstories\/\" class=\"elementor-item\">Quepaz Stories<\/a><\/li>\n<li class=\"menu-item menu-item-type-post_type menu-item-object-page menu-item-5438\"><a href=\"https:\/\/quepaz.cc\/index.php\/ajude-rs\/\" class=\"elementor-item\">Ajude o RS<\/a><\/li>\n<\/ul>\t\t\t<\/nav>\n\t\t\t\t\t\t<nav class=\"elementor-nav-menu--dropdown elementor-nav-menu__container\" aria-hidden=\"true\">\n\t\t\t\t<ul id=\"menu-2-543ca511\" class=\"elementor-nav-menu\"><li class=\"menu-item menu-item-type-custom menu-item-object-custom menu-item-has-children menu-item-39\"><a href=\"https:\/\/quepaz.cc\/index.php\/2-escolha-seu-mood\/\" class=\"elementor-item\" tabindex=\"-1\">Mood<\/a>\n<ul class=\"sub-menu elementor-nav-menu--dropdown\">\n\t<li class=\"menu-item menu-item-type-post_type menu-item-object-page menu-item-5117\"><a href=\"https:\/\/quepaz.cc\/index.php\/4-mood-match-terapia\/\" class=\"elementor-sub-item\" tabindex=\"-1\">Mood: Match Terapia<\/a><\/li>\n<\/ul>\n<\/li>\n<li class=\"menu-item menu-item-type-custom menu-item-object-custom menu-item-3450\"><a href=\"https:\/\/quepaz.cc\/index.php\/5-o-match-vai-comecar\/\" class=\"elementor-item\" tabindex=\"-1\">Match Terapia<\/a><\/li>\n<li class=\"menu-item menu-item-type-custom menu-item-object-custom menu-item-has-children menu-item-547\"><a href=\"https:\/\/quepaz.cc\/index.php\/7-meet-quepaz\/\" class=\"elementor-item\" tabindex=\"-1\">Meet quepaz.cc<\/a>\n<ul class=\"sub-menu elementor-nav-menu--dropdown\">\n\t<li class=\"menu-item menu-item-type-post_type menu-item-object-page menu-item-5124\"><a href=\"https:\/\/quepaz.cc\/index.php\/8-meet-quepaz\/\" class=\"elementor-sub-item\" tabindex=\"-1\">Meet quepaz<\/a><\/li>\n\t<li class=\"menu-item menu-item-type-post_type menu-item-object-page menu-item-5123\"><a href=\"https:\/\/quepaz.cc\/index.php\/9-meet-quepaz\/\" class=\"elementor-sub-item\" tabindex=\"-1\">Meet quepaz<\/a><\/li>\n\t<li class=\"menu-item menu-item-type-post_type menu-item-object-page menu-item-5126\"><a href=\"https:\/\/quepaz.cc\/index.php\/6-meet-our-story\/\" class=\"elementor-sub-item\" tabindex=\"-1\">Meet our story<\/a><\/li>\n\t<li class=\"menu-item menu-item-type-post_type menu-item-object-page menu-item-5121\"><a href=\"https:\/\/quepaz.cc\/index.php\/conheca-fundadora\/\" class=\"elementor-sub-item\" tabindex=\"-1\">Conhe\u00e7a a Fundadora da Quepaz.cc<\/a><\/li>\n<\/ul>\n<\/li>\n<li class=\"menu-item menu-item-type-custom menu-item-object-custom menu-item-3053\"><a href=\"https:\/\/quepaz.cc\/index.php\/quepazstories\/\" class=\"elementor-item\" tabindex=\"-1\">Quepaz Stories<\/a><\/li>\n<li class=\"menu-item menu-item-type-post_type menu-item-object-page menu-item-5438\"><a href=\"https:\/\/quepaz.cc\/index.php\/ajude-rs\/\" class=\"elementor-item\" tabindex=\"-1\">Ajude o RS<\/a><\/li>\n<\/ul>\t\t\t<\/nav>\n\t\t\t\t\t\t<\/div>\n\t\t\t\t<\/div>\n\t\t\t\t<\/div>\n\t\t\t\t<\/div>\n\t\t<div class=\"elementor-element elementor-element-4ffd4d62 e-con-full e-flex e-con e-parent\" data-id=\"4ffd4d62\" data-element_type=\"container\" data-e-type=\"container\" data-settings=\"{&quot;background_background&quot;:&quot;classic&quot;,&quot;_ha_eqh_enable&quot;:false}\">\n\t\t\t\t<div class=\"elementor-element elementor-element-694ce4f6 elementor-widget elementor-widget-heading\" data-id=\"694ce4f6\" data-element_type=\"widget\" data-e-type=\"widget\" data-widget_type=\"heading.default\">\n\t\t\t\t<div class=\"elementor-widget-container\">\n\t\t\t\t\t<h2 class=\"elementor-heading-title elementor-size-default\"><b>meet<\/b> <i>quepaz.cc<\/i><\/h2>\t\t\t\t<\/div>\n\t\t\t\t<\/div>\n\t\t\t\t<\/div>\n\t\t<div class=\"elementor-element elementor-element-2b64b685 e-flex e-con-boxed e-con e-parent\" data-id=\"2b64b685\" data-element_type=\"container\" data-e-type=\"container\" data-settings=\"{&quot;_ha_eqh_enable&quot;:false}\">\n\t\t\t\t\t<div class=\"e-con-inner\">\n\t\t\t\t<div class=\"elementor-element elementor-element-235985 elementor-widget elementor-widget-heading\" data-id=\"235985\" data-element_type=\"widget\" data-e-type=\"widget\" data-widget_type=\"heading.default\">\n\t\t\t\t<div class=\"elementor-widget-container\">\n\t\t\t\t\t<h2 class=\"elementor-heading-title elementor-size-default\">COM BASE NA CI\u00caNCIA<br>DA PSICOLOGIA &amp;<BR>SUAS ABORDAGENS.<\/h2>\t\t\t\t<\/div>\n\t\t\t\t<\/div>\n\t\t\t\t<div class=\"elementor-element elementor-element-4a66e9f2 elementor-widget elementor-widget-heading\" data-id=\"4a66e9f2\" data-element_type=\"widget\" data-e-type=\"widget\" data-widget_type=\"heading.default\">\n\t\t\t\t<div class=\"elementor-widget-container\">\n\t\t\t\t\t<h2 class=\"elementor-heading-title elementor-size-default\">DE PSIC\u00d3LOGAS REAIS<BR>PARA O MUNDO REAL.<\/h2>\t\t\t\t<\/div>\n\t\t\t\t<\/div>\n\t\t\t\t\t<\/div>\n\t\t\t\t<\/div>\n\t\t\t\t<div class=\"elementor-element elementor-element-4eced7e7 elementor-widget elementor-widget-heading\" data-id=\"4eced7e7\" data-element_type=\"widget\" data-e-type=\"widget\" data-widget_type=\"heading.default\">\n\t\t\t\t<div class=\"elementor-widget-container\">\n\t\t\t\t\t<h2 class=\"elementor-heading-title elementor-size-default\">N\u00c3O ESTRANHE SE COGITAR QUE ALGUNS DOS CONTE\u00daDOS AQUI FORAM INSPIRADOS EM SUA VIDA. VAI SER COMUM PENSAR \"ISSO \u00c9 MUITO EU\" OU \"EST\u00c3O ME ESPIONANDO?\". CALMA, N\u00c3O ESTAMOS ESPIONANDO NINGU\u00c9M. O QUE FAZEMOS AQUI TEM NOME E SE CHAMA: HUMANIDADE COMPARTILHADA. A SENSA\u00c7\u00c3O DE PERCEBER QUE MAIS PESSOAS PASSAM POR ISSO &amp; NOMEAR O QUE INCOMODA \u00c9 UMA DAS FERRAMENTAS DA PSICOTERAPIA.<\/h2>\t\t\t\t<\/div>\n\t\t\t\t<\/div>\n\t\t<div class=\"elementor-element elementor-element-695673b e-con-full e-flex e-con e-parent\" data-id=\"695673b\" data-element_type=\"container\" data-e-type=\"container\" data-settings=\"{&quot;background_background&quot;:&quot;classic&quot;,&quot;_ha_eqh_enable&quot;:false}\">\n\t\t\t\t<div class=\"elementor-element elementor-element-2da1616c elementor-widget elementor-widget-heading\" data-id=\"2da1616c\" data-element_type=\"widget\" data-e-type=\"widget\" data-widget_type=\"heading.default\">\n\t\t\t\t<div class=\"elementor-widget-container\">\n\t\t\t\t\t<h2 class=\"elementor-heading-title elementor-size-default\">CONVIDAMOS VOC\u00ca A CONHECER A JORNADA QUE NOS FEZ CHEGAR AT\u00c9 AQUI &amp; ENTRAR NA TELA DO SEU ESPACINHO<\/h2>\t\t\t\t<\/div>\n\t\t\t\t<\/div>\n\t\t\t\t<\/div>\n\t\t\t\t<\/div>\n\t\t<div class=\"elementor-element elementor-element-2d907274 e-con-full elementor-hidden-mobile e-flex e-con e-parent\" data-id=\"2d907274\" data-element_type=\"container\" data-e-type=\"container\" data-settings=\"{&quot;_ha_eqh_enable&quot;:false}\">\n\t\t\t\t<\/div>\n\t\t\t\t<\/div>\n\t\t","protected":false},"excerpt":{"rendered":"<p>@quepaz.cc P\u00c1GINA INICIAL home the brand meet quepaz.cc COM BASE NA CI\u00caNCIADA PSICOLOGIA &#038;SUAS ABORDAGENS. DE PSIC\u00d3LOGAS REAISPARA O MUNDO REAL. N\u00c3O ESTRANHE SE COGITAR QUE ALGUNS DOS CONTE\u00daDOS AQUI FORAM INSPIRADOS EM SUA VIDA. VAI SER COMUM PENSAR &#8220;ISSO \u00c9 MUITO EU&#8221; OU &#8220;EST\u00c3O ME ESPIONANDO?&#8221;. CALMA, N\u00c3O ESTAMOS ESPIONANDO NINGU\u00c9M. O QUE FAZEMOS [&hellip;]<\/p>\n","protected":false},"author":1,"featured_media":0,"parent":0,"menu_order":0,"comment_status":"closed","ping_status":"closed","template":"elementor_canvas","meta":{"footnotes":""},"class_list":["post-4937","page","type-page","status-publish","hentry"],"yoast_head":"<!-- This site is optimized with the Yoast SEO Premium plugin v20.5 (Yoast SEO v27.1.1) - https:\/\/yoast.com\/product\/yoast-seo-premium-wordpress\/ -->\n<title>Meet quepaz - Quepaz<\/title>\n<meta name=\"robots\" content=\"index, follow, max-snippet:-1, max-image-preview:large, max-video-preview:-1\" \/>\n<link rel=\"canonical\" href=\"https:\/\/quepaz.cc\/index.php\/7-meet-quepaz\/\" \/>\n<meta property=\"og:locale\" content=\"pt_BR\" \/>\n<meta property=\"og:type\" content=\"article\" \/>\n<meta property=\"og:title\" content=\"Meet quepaz\" \/>\n<meta property=\"og:description\" content=\"@quepaz.cc P\u00c1GINA INICIAL home the brand meet quepaz.cc COM BASE NA CI\u00caNCIADA PSICOLOGIA &#038;SUAS ABORDAGENS. DE PSIC\u00d3LOGAS REAISPARA O MUNDO REAL. N\u00c3O ESTRANHE SE COGITAR QUE ALGUNS DOS CONTE\u00daDOS AQUI FORAM INSPIRADOS EM SUA VIDA. VAI SER COMUM PENSAR &#8220;ISSO \u00c9 MUITO EU&#8221; OU &#8220;EST\u00c3O ME ESPIONANDO?&#8221;. CALMA, N\u00c3O ESTAMOS ESPIONANDO NINGU\u00c9M. O QUE FAZEMOS [&hellip;]\" \/>\n<meta property=\"og:url\" content=\"https:\/\/quepaz.cc\/index.php\/7-meet-quepaz\/\" \/>\n<meta property=\"og:site_name\" content=\"Quepaz\" \/>\n<meta property=\"article:modified_time\" content=\"2024-03-26T14:46:27+00:00\" \/>\n<meta name=\"twitter:card\" content=\"summary_large_image\" \/>\n<meta name=\"twitter:label1\" content=\"Est. tempo de leitura\" \/>\n\t<meta name=\"twitter:data1\" content=\"1 minuto\" \/>\n<script type=\"application\/ld+json\" class=\"yoast-schema-graph\">{\"@context\":\"https:\/\/schema.org\",\"@graph\":[{\"@type\":\"WebPage\",\"@id\":\"https:\/\/quepaz.cc\/index.php\/7-meet-quepaz\/\",\"url\":\"https:\/\/quepaz.cc\/index.php\/7-meet-quepaz\/\",\"name\":\"Meet quepaz - Quepaz\",\"isPartOf\":{\"@id\":\"https:\/\/quepaz.cc\/#website\"},\"datePublished\":\"2024-03-22T15:11:41+00:00\",\"dateModified\":\"2024-03-26T14:46:27+00:00\",\"breadcrumb\":{\"@id\":\"https:\/\/quepaz.cc\/index.php\/7-meet-quepaz\/#breadcrumb\"},\"inLanguage\":\"pt-BR\",\"potentialAction\":[{\"@type\":\"ReadAction\",\"target\":[\"https:\/\/quepaz.cc\/index.php\/7-meet-quepaz\/\"]}]},{\"@type\":\"BreadcrumbList\",\"@id\":\"https:\/\/quepaz.cc\/index.php\/7-meet-quepaz\/#breadcrumb\",\"itemListElement\":[{\"@type\":\"ListItem\",\"position\":1,\"name\":\"In\u00edcio\",\"item\":\"https:\/\/quepaz.cc\/\"},{\"@type\":\"ListItem\",\"position\":2,\"name\":\"Meet quepaz\"}]},{\"@type\":\"WebSite\",\"@id\":\"https:\/\/quepaz.cc\/#website\",\"url\":\"https:\/\/quepaz.cc\/\",\"name\":\"Quepaz\",\"description\":\"Terapia Online com Psic\u00f3logos Especialistas.\",\"publisher\":{\"@id\":\"https:\/\/quepaz.cc\/#organization\"},\"potentialAction\":[{\"@type\":\"SearchAction\",\"target\":{\"@type\":\"EntryPoint\",\"urlTemplate\":\"https:\/\/quepaz.cc\/?s={search_term_string}\"},\"query-input\":{\"@type\":\"PropertyValueSpecification\",\"valueRequired\":true,\"valueName\":\"search_term_string\"}}],\"inLanguage\":\"pt-BR\"},{\"@type\":\"Organization\",\"@id\":\"https:\/\/quepaz.cc\/#organization\",\"name\":\"Quepaz\",\"url\":\"https:\/\/quepaz.cc\/\",\"logo\":{\"@type\":\"ImageObject\",\"inLanguage\":\"pt-BR\",\"@id\":\"https:\/\/quepaz.cc\/#\/schema\/logo\/image\/\",\"url\":\"http:\/\/quepaz.cc\/wp-content\/uploads\/2025\/12\/Clip-path-group-scaled.png\",\"contentUrl\":\"http:\/\/quepaz.cc\/wp-content\/uploads\/2025\/12\/Clip-path-group-scaled.png\",\"width\":2560,\"height\":2367,\"caption\":\"Quepaz\"},\"image\":{\"@id\":\"https:\/\/quepaz.cc\/#\/schema\/logo\/image\/\"}}]}<\/script>\n<!-- \/ Yoast SEO Premium plugin. -->","yoast_head_json":{"title":"Meet quepaz - Quepaz","robots":{"index":"index","follow":"follow","max-snippet":"max-snippet:-1","max-image-preview":"max-image-preview:large","max-video-preview":"max-video-preview:-1"},"canonical":"https:\/\/quepaz.cc\/index.php\/7-meet-quepaz\/","og_locale":"pt_BR","og_type":"article","og_title":"Meet quepaz","og_description":"@quepaz.cc P\u00c1GINA INICIAL home the brand meet quepaz.cc COM BASE NA CI\u00caNCIADA PSICOLOGIA &#038;SUAS ABORDAGENS. DE PSIC\u00d3LOGAS REAISPARA O MUNDO REAL. N\u00c3O ESTRANHE SE COGITAR QUE ALGUNS DOS CONTE\u00daDOS AQUI FORAM INSPIRADOS EM SUA VIDA. VAI SER COMUM PENSAR &#8220;ISSO \u00c9 MUITO EU&#8221; OU &#8220;EST\u00c3O ME ESPIONANDO?&#8221;. CALMA, N\u00c3O ESTAMOS ESPIONANDO NINGU\u00c9M. O QUE FAZEMOS [&hellip;]","og_url":"https:\/\/quepaz.cc\/index.php\/7-meet-quepaz\/","og_site_name":"Quepaz","article_modified_time":"2024-03-26T14:46:27+00:00","twitter_card":"summary_large_image","twitter_misc":{"Est. tempo de leitura":"1 minuto"},"schema":{"@context":"https:\/\/schema.org","@graph":[{"@type":"WebPage","@id":"https:\/\/quepaz.cc\/index.php\/7-meet-quepaz\/","url":"https:\/\/quepaz.cc\/index.php\/7-meet-quepaz\/","name":"Meet quepaz - Quepaz","isPartOf":{"@id":"https:\/\/quepaz.cc\/#website"},"datePublished":"2024-03-22T15:11:41+00:00","dateModified":"2024-03-26T14:46:27+00:00","breadcrumb":{"@id":"https:\/\/quepaz.cc\/index.php\/7-meet-quepaz\/#breadcrumb"},"inLanguage":"pt-BR","potentialAction":[{"@type":"ReadAction","target":["https:\/\/quepaz.cc\/index.php\/7-meet-quepaz\/"]}]},{"@type":"BreadcrumbList","@id":"https:\/\/quepaz.cc\/index.php\/7-meet-quepaz\/#breadcrumb","itemListElement":[{"@type":"ListItem","position":1,"name":"In\u00edcio","item":"https:\/\/quepaz.cc\/"},{"@type":"ListItem","position":2,"name":"Meet quepaz"}]},{"@type":"WebSite","@id":"https:\/\/quepaz.cc\/#website","url":"https:\/\/quepaz.cc\/","name":"Quepaz","description":"Terapia Online com Psic\u00f3logos Especialistas.","publisher":{"@id":"https:\/\/quepaz.cc\/#organization"},"potentialAction":[{"@type":"SearchAction","target":{"@type":"EntryPoint","urlTemplate":"https:\/\/quepaz.cc\/?s={search_term_string}"},"query-input":{"@type":"PropertyValueSpecification","valueRequired":true,"valueName":"search_term_string"}}],"inLanguage":"pt-BR"},{"@type":"Organization","@id":"https:\/\/quepaz.cc\/#organization","name":"Quepaz","url":"https:\/\/quepaz.cc\/","logo":{"@type":"ImageObject","inLanguage":"pt-BR","@id":"https:\/\/quepaz.cc\/#\/schema\/logo\/image\/","url":"http:\/\/quepaz.cc\/wp-content\/uploads\/2025\/12\/Clip-path-group-scaled.png","contentUrl":"http:\/\/quepaz.cc\/wp-content\/uploads\/2025\/12\/Clip-path-group-scaled.png","width":2560,"height":2367,"caption":"Quepaz"},"image":{"@id":"https:\/\/quepaz.cc\/#\/schema\/logo\/image\/"}}]}},"_links":{"self":[{"href":"https:\/\/quepaz.cc\/index.php\/wp-json\/wp\/v2\/pages\/4937","targetHints":{"allow":["GET"]}}],"collection":[{"href":"https:\/\/quepaz.cc\/index.php\/wp-json\/wp\/v2\/pages"}],"about":[{"href":"https:\/\/quepaz.cc\/index.php\/wp-json\/wp\/v2\/types\/page"}],"author":[{"embeddable":true,"href":"https:\/\/quepaz.cc\/index.php\/wp-json\/wp\/v2\/users\/1"}],"replies":[{"embeddable":true,"href":"https:\/\/quepaz.cc\/index.php\/wp-json\/wp\/v2\/comments?post=4937"}],"version-history":[{"count":14,"href":"https:\/\/quepaz.cc\/index.php\/wp-json\/wp\/v2\/pages\/4937\/revisions"}],"predecessor-version":[{"id":5235,"href":"https:\/\/quepaz.cc\/index.php\/wp-json\/wp\/v2\/pages\/4937\/revisions\/5235"}],"wp:attachment":[{"href":"https:\/\/quepaz.cc\/index.php\/wp-json\/wp\/v2\/media?parent=4937"}],"curies":[{"name":"wp","href":"https:\/\/api.w.org\/{rel}","templated":true}]}}